{"id":1035,"date":"2021-06-12T12:01:11","date_gmt":"2021-06-12T10:01:11","guid":{"rendered":"http:\/\/antoinefontaine.re\/?page_id=1035"},"modified":"2024-03-09T13:55:56","modified_gmt":"2024-03-09T12:55:56","slug":"l-page-nest-pas-pirate-alors-pourquoi-fontaine-antoine-ment","status":"publish","type":"page","link":"https:\/\/antoinefontaine.re\/","title":{"rendered":"La page n&rsquo;est pas pirat\u00e9 alors pourquoi Fontaine Antoine du Tampon ment ?"},"content":{"rendered":"<h1 style=\"text-align: center;\">Mise \u00e0 jour du 09\/03\/2024<\/h1>\n<h2 style=\"text-align: center;\">Antoine, dit Antoine Fontaine, \u00e9galement nomm\u00e9 \u00ab\u2009Le mytho\u00a0\u00bb\u00a0\u00a0\u00e0 un v\u00e9ritable souci avec la v\u00e9rit\u00e9.<\/h2>\n<p style=\"text-align: center;\">Prochainement sur cette page une vid\u00e9o\u00a0\u00a0vous expliquera en long et en large pourquoi voter pour Antoine Fontaine, le soutenir, ou m\u00eame soutenir une personne qui pourrait le soutenir est pr\u00e9judiciable pour l\u2019ensemble des habitants du Tampon,<\/p>\n<p style=\"text-align: center;\">de la R\u00e9union, voire m\u00eame au niveau national.<\/p>\n<p style=\"text-align: center;\">\u00c9videmment aucun des probl\u00e8mes qu\u2019il rencontre\u00a0\u00a0n\u2019a de lien avec une pseudo-opposition, ou une histoire que lui ou son petit cercle se raconte le soir au coin du feu.<\/p>\n<p style=\"text-align: center;\">\u00ab\u2009Il y aurait quelqu\u2019un qui dit du mal de Antoine\u2026\u2009\u00bb<\/p>\n<p style=\"text-align: center;\">Eux\u2026\u2009? Ce quelqu\u2019un porte un nom.<\/p>\n<h3 style=\"text-align: center;\"><strong>La seule raison pour laquelle ils ne prononcent pas mon nom c\u2019est que Fontaine le juriste sait que j\u2019ai une assurance juridique, <\/strong><\/h3>\n<h3 style=\"text-align: center;\"><strong>et comme je le dis souvent, je peux poursuivre le diable en enfer, et si le diable avait un visage ce serait bien le sien.<\/strong><\/h3>\n<h1 style=\"text-align: center;\">Donc quelques \u00e9claircissements prochainement ici.<\/h1>\n<p>&nbsp;<\/p>\n<p style=\"text-align: center;\">&#8212;&#8212;<\/p>\n<p>&nbsp;<\/p>\n<p style=\"text-align: center;\">Cette page n&rsquo;a pas fait l&rsquo;objet d&rsquo;un piratage et Monsieur Fontaine le sait tr\u00e8s bien .<\/p>\n<h1 style=\"text-align: center;\"><strong>Il ment !<\/strong><\/h1>\n<p style=\"text-align: center;\">Cette page informera toujours sur Antoine Fontaine,<\/p>\n<p style=\"text-align: center;\">ce qui changera c&rsquo;est que les informations seront r\u00e9elles.<\/p>\n<p style=\"text-align: center;\"><strong>Ses comptes de campagnes de la campagne municipale de 2022 font \u00e9tat d\u00b4un investissement de sa personne de 35,03 Euro !!!<\/strong><\/p>\n<h1 style=\"text-align: center;\"><strong>Faux en \u00e9criture et fausse d\u00e9claration sur l\u00b4honneur sont visibles ici : <\/strong><\/h1>\n<h1 style=\"text-align: center;\"><a href=\"http:\/\/www.vivre.re\"><strong>www.vivre.re<\/strong><\/a><\/h1>\n<h2 style=\"text-align: center;\">Monsieur Fontaine ne fait peur politiquement \u00e0 personne !<\/h2>\n<h2 style=\"text-align: center;\">Aucun agent du gouvernement ne le surveille !<\/h2>\n<p style=\"text-align: center;\">Son propos est le m\u00eame que celui de milliers de militants \u00e0 la R\u00e9union.<\/p>\n<h2 style=\"text-align: center;\">Ce site est la propri\u00e9t\u00e9 de la m\u00eame personne depuis le d\u00e9but et aucun piratage n&rsquo;a eu lieu !<\/h2>\n<p>&nbsp;<\/p>\n<p style=\"text-align: center;\">Monsieur Fontaine est un menteur pathologique, nous invitons les personnes \u00e0 la plus grande prudence, surtout la gente f\u00e9minine qui est la cible pr\u00e9f\u00e9r\u00e9e de cet individu.<\/p>\n<p>&nbsp;<\/p>\n<p><img loading=\"lazy\" class=\"alignnone size-full wp-image-1033\" src=\"http:\/\/antoinefontaine.re\/wp-content\/uploads\/2021\/06\/IMG_2548.jpg\" alt=\"\" width=\"1514\" height=\"1367\" srcset=\"https:\/\/antoinefontaine.re\/wp-content\/uploads\/2021\/06\/IMG_2548.jpg 1514w, https:\/\/antoinefontaine.re\/wp-content\/uploads\/2021\/06\/IMG_2548-300x271.jpg 300w, https:\/\/antoinefontaine.re\/wp-content\/uploads\/2021\/06\/IMG_2548-1024x925.jpg 1024w, https:\/\/antoinefontaine.re\/wp-content\/uploads\/2021\/06\/IMG_2548-768x693.jpg 768w, https:\/\/antoinefontaine.re\/wp-content\/uploads\/2021\/06\/IMG_2548-370x334.jpg 370w, https:\/\/antoinefontaine.re\/wp-content\/uploads\/2021\/06\/IMG_2548-1040x939.jpg 1040w\" sizes=\"(max-width: 1514px) 100vw, 1514px\" \/><\/p>\n<p>&nbsp;<\/p>\n","protected":false},"excerpt":{"rendered":"<p>Mise \u00e0 jour du 09\/03\/2024 Antoine, dit Antoine Fontaine, \u00e9galement nomm\u00e9 \u00ab\u2009Le mytho\u00a0\u00bb\u00a0\u00a0\u00e0 un v\u00e9ritable souci avec la v\u00e9rit\u00e9. Prochainement sur cette page une vid\u00e9o\u00a0\u00a0vous expliquera en long et en large pourquoi voter pour Antoine[&#8230;]<\/p>\n","protected":false},"author":1,"featured_media":1018,"parent":0,"menu_order":0,"comment_status":"closed","ping_status":"closed","template":"","meta":[],"_links":{"self":[{"href":"https:\/\/antoinefontaine.re\/index.php?rest_route=\/wp\/v2\/pages\/1035"}],"collection":[{"href":"https:\/\/antoinefontaine.re\/index.php?rest_route=\/wp\/v2\/pages"}],"about":[{"href":"https:\/\/antoinefontaine.re\/index.php?rest_route=\/wp\/v2\/types\/page"}],"author":[{"embeddable":true,"href":"https:\/\/antoinefontaine.re\/index.php?rest_route=\/wp\/v2\/users\/1"}],"replies":[{"embeddable":true,"href":"https:\/\/antoinefontaine.re\/index.php?rest_route=%2Fwp%2Fv2%2Fcomments&post=1035"}],"version-history":[{"count":8,"href":"https:\/\/antoinefontaine.re\/index.php?rest_route=\/wp\/v2\/pages\/1035\/revisions"}],"predecessor-version":[{"id":1105,"href":"https:\/\/antoinefontaine.re\/index.php?rest_route=\/wp\/v2\/pages\/1035\/revisions\/1105"}],"wp:featuredmedia":[{"embeddable":true,"href":"https:\/\/antoinefontaine.re\/index.php?rest_route=\/wp\/v2\/media\/1018"}],"wp:attachment":[{"href":"https:\/\/antoinefontaine.re\/index.php?rest_route=%2Fwp%2Fv2%2Fmedia&parent=1035"}],"curies":[{"name":"wp","href":"https:\/\/api.w.org\/{rel}","templated":true}]}}